{"id":114,"date":"2024-11-11T13:51:53","date_gmt":"2024-11-11T13:51:53","guid":{"rendered":"https:\/\/meinstadtpunkt.de\/?page_id=114"},"modified":"2024-11-13T15:12:29","modified_gmt":"2024-11-13T15:12:29","slug":"02-ueber-uns","status":"publish","type":"page","link":"https:\/\/meinstadtpunkt.de\/?page_id=114","title":{"rendered":"\u00dcber uns"},"content":{"rendered":"\t\t<div data-elementor-type=\"wp-page\" data-elementor-id=\"114\" class=\"elementor elementor-114\" data-elementor-post-type=\"page\">\n\t\t\t\t<div class=\"elementor-element elementor-element-58bd1f5 e-flex e-con-boxed e-con e-parent\" data-id=\"58bd1f5\" data-element_type=\"container\" data-e-type=\"container\">\n\t\t\t\t\t<div class=\"e-con-inner\">\n\t\t\t\t<div class=\"elementor-element elementor-element-58ced81 elementor-widget elementor-widget-heading\" data-id=\"58ced81\" data-element_type=\"widget\" data-e-type=\"widget\" data-widget_type=\"heading.default\">\n\t\t\t\t<div class=\"elementor-widget-container\">\n\t\t\t\t\t<h2 class=\"elementor-heading-title elementor-size-default\">Warum das Mein StadtPunkt-Konzept?<\/h2>\t\t\t\t<\/div>\n\t\t\t\t<\/div>\n\t\t\t\t\t<\/div>\n\t\t\t\t<\/div>\n\t\t<div class=\"elementor-element elementor-element-94e18c6 e-flex e-con-boxed e-con e-parent\" data-id=\"94e18c6\" data-element_type=\"container\" data-e-type=\"container\">\n\t\t\t\t\t<div class=\"e-con-inner\">\n\t\t\t\t<div class=\"elementor-element elementor-element-48a65dc elementor-widget elementor-widget-text-editor\" data-id=\"48a65dc\" data-element_type=\"widget\" data-e-type=\"widget\" data-widget_type=\"text-editor.default\">\n\t\t\t\t<div class=\"elementor-widget-container\">\n\t\t\t\t\t\t\t\t\t<p class=\"p1\">Weil es mehr ist als nur ein Spiel: Es ist eine Plattform f\u00fcr nachhaltige Unternehmenswerbung, die bleibt! Das beliebte Brettspiel vereint St\u00e4dte-Quizfragen und Werbung auf eine Weise, die f\u00fcr die Spieler spannend bleibt.<br \/>Seit Jahren erfolgreich im Einsatz: Das StadtPunkt-Konzept verbindet Wissensspa\u00df mit regionalem Bezug \u2013 und das bereits in mehr als 500 St\u00e4dten in drei verschiedenen L\u00e4ndern. \u00dcber 2,5 Millionen verkaufte Spiele und zufriedene Kunden sprechen f\u00fcr das Konzept, das Unternehmen eine ganz besondere Pr\u00e4sentationsfl\u00e4che bietet.<br \/>Hier wird jede Interaktion mit Ihrem Logo, Ihrer Website oder einem gezielten Hinweis zu einer spielerischen Entdeckungsreise f\u00fcr die Spieler \u2013 und einer effektiven Werbema\u00dfnahme f\u00fcr Ihr Unternehmen!<\/p><p class=\"p1\">Entdecken auch Sie dieses einzigartige Erfolgskonzept!<\/p>\t\t\t\t\t\t\t\t<\/div>\n\t\t\t\t<\/div>\n\t\t\t\t<div class=\"elementor-element elementor-element-12329e1 elementor-widget elementor-widget-button\" data-id=\"12329e1\" data-element_type=\"widget\" data-e-type=\"widget\" data-widget_type=\"button.default\">\n\t\t\t\t<div class=\"elementor-widget-container\">\n\t\t\t\t\t\t\t\t\t<div class=\"elementor-button-wrapper\">\n\t\t\t\t\t<a class=\"elementor-button elementor-button-link elementor-size-sm\" href=\"https:\/\/meinstadtpunkt.de\/?page_id=116\u2197\" id=\"5\">\n\t\t\t\t\t\t<span class=\"elementor-button-content-wrapper\">\n\t\t\t\t\t\t\t\t\t<span class=\"elementor-button-text\">Zum Spiel<\/span>\n\t\t\t\t\t<\/span>\n\t\t\t\t\t<\/a>\n\t\t\t\t<\/div>\n\t\t\t\t\t\t\t\t<\/div>\n\t\t\t\t<\/div>\n\t\t\t\t\t<\/div>\n\t\t\t\t<\/div>\n\t\t\t\t<\/div>\n\t\t","protected":false},"excerpt":{"rendered":"<p>Warum das Mein StadtPunkt-Konzept? Weil es mehr ist als nur ein Spiel: Es ist eine Plattform f\u00fcr nachhaltige Unternehmenswerbung, die bleibt! Das beliebte Brettspiel vereint St\u00e4dte-Quizfragen und Werbung auf eine Weise, die f\u00fcr die Spieler spannend bleibt.Seit Jahren erfolgreich im Einsatz: Das StadtPunkt-Konzept verbindet Wissensspa\u00df mit regionalem Bezug \u2013 und das bereits in mehr als [&hellip;]<\/p>\n","protected":false},"author":1,"featured_media":0,"parent":0,"menu_order":0,"comment_status":"closed","ping_status":"closed","template":"elementor_header_footer","meta":{"footnotes":""},"class_list":["post-114","page","type-page","status-publish","hentry"],"_links":{"self":[{"href":"https:\/\/meinstadtpunkt.de\/index.php?rest_route=\/wp\/v2\/pages\/114","targetHints":{"allow":["GET"]}}],"collection":[{"href":"https:\/\/meinstadtpunkt.de\/index.php?rest_route=\/wp\/v2\/pages"}],"about":[{"href":"https:\/\/meinstadtpunkt.de\/index.php?rest_route=\/wp\/v2\/types\/page"}],"author":[{"embeddable":true,"href":"https:\/\/meinstadtpunkt.de\/index.php?rest_route=\/wp\/v2\/users\/1"}],"replies":[{"embeddable":true,"href":"https:\/\/meinstadtpunkt.de\/index.php?rest_route=%2Fwp%2Fv2%2Fcomments&post=114"}],"version-history":[{"count":14,"href":"https:\/\/meinstadtpunkt.de\/index.php?rest_route=\/wp\/v2\/pages\/114\/revisions"}],"predecessor-version":[{"id":299,"href":"https:\/\/meinstadtpunkt.de\/index.php?rest_route=\/wp\/v2\/pages\/114\/revisions\/299"}],"wp:attachment":[{"href":"https:\/\/meinstadtpunkt.de\/index.php?rest_route=%2Fwp%2Fv2%2Fmedia&parent=114"}],"curies":[{"name":"wp","href":"https:\/\/api.w.org\/{rel}","templated":true}]}}