{"id":67,"date":"2024-11-11T13:08:56","date_gmt":"2024-11-11T13:08:56","guid":{"rendered":"https:\/\/meinstadtpunkt.de\/?page_id=67"},"modified":"2024-11-14T10:24:15","modified_gmt":"2024-11-14T10:24:15","slug":"startseite","status":"publish","type":"page","link":"https:\/\/meinstadtpunkt.de\/","title":{"rendered":"Start"},"content":{"rendered":"\t\t<div data-elementor-type=\"wp-page\" data-elementor-id=\"67\" class=\"elementor elementor-67\" data-elementor-post-type=\"page\">\n\t\t\t\t<div class=\"elementor-element elementor-element-d9cb7f9 e-flex e-con-boxed e-con e-parent\" data-id=\"d9cb7f9\" data-element_type=\"container\" data-e-type=\"container\">\n\t\t\t\t\t<div class=\"e-con-inner\">\n\t\t<div class=\"elementor-element elementor-element-97d6556 e-con-full e-flex e-con e-child\" data-id=\"97d6556\" data-element_type=\"container\" data-e-type=\"container\">\n\t\t\t\t<div class=\"elementor-element elementor-element-08bcef5 elementor-widget elementor-widget-heading\" data-id=\"08bcef5\" data-element_type=\"widget\" data-e-type=\"widget\" data-widget_type=\"heading.default\">\n\t\t\t\t<div class=\"elementor-widget-container\">\n\t\t\t\t\t<h2 class=\"elementor-heading-title elementor-size-default\">Werden Sie jetzt ein Teil der Erfolgsgeschichte!<\/h2>\t\t\t\t<\/div>\n\t\t\t\t<\/div>\n\t\t\t\t<div class=\"elementor-element elementor-element-971a409 elementor-widget elementor-widget-button\" data-id=\"971a409\" data-element_type=\"widget\" data-e-type=\"widget\" data-widget_type=\"button.default\">\n\t\t\t\t<div class=\"elementor-widget-container\">\n\t\t\t\t\t\t\t\t\t<div class=\"elementor-button-wrapper\">\n\t\t\t\t\t<a class=\"elementor-button elementor-button-link elementor-size-sm\" href=\"https:\/\/meinstadtpunkt.de\/?page_id=118\u2197\" id=\"1\">\n\t\t\t\t\t\t<span class=\"elementor-button-content-wrapper\">\n\t\t\t\t\t\t\t\t\t<span class=\"elementor-button-text\">Zum Konzept<\/span>\n\t\t\t\t\t<\/span>\n\t\t\t\t\t<\/a>\n\t\t\t\t<\/div>\n\t\t\t\t\t\t\t\t<\/div>\n\t\t\t\t<\/div>\n\t\t\t\t<\/div>\n\t\t<div class=\"elementor-element elementor-element-5edfb62 e-con-full e-flex e-con e-child\" data-id=\"5edfb62\" data-element_type=\"container\" data-e-type=\"container\">\n\t\t\t\t<div class=\"elementor-element elementor-element-a66d2ef elementor-widget elementor-widget-text-editor\" data-id=\"a66d2ef\" data-element_type=\"widget\" data-e-type=\"widget\" data-widget_type=\"text-editor.default\">\n\t\t\t\t<div class=\"elementor-widget-container\">\n\t\t\t\t\t\t\t\t\t<p class=\"p1\">Hohe Qualit\u00e4t und in D\u00e4nemark produziert!<\/p>\t\t\t\t\t\t\t\t<\/div>\n\t\t\t\t<\/div>\n\t\t\t\t<div class=\"elementor-element elementor-element-e73c540 elementor-widget elementor-widget-image\" data-id=\"e73c540\" data-element_type=\"widget\" data-e-type=\"widget\" data-widget_type=\"image.default\">\n\t\t\t\t<div class=\"elementor-widget-container\">\n\t\t\t\t\t\t\t\t\t\t\t\t\t\t\t<img fetchpriority=\"high\" decoding=\"async\" width=\"768\" height=\"506\" src=\"https:\/\/meinstadtpunkt.de\/wp-content\/uploads\/2024\/11\/Spiel-768x506.png\" class=\"attachment-medium_large size-medium_large wp-image-346\" alt=\"\" srcset=\"https:\/\/meinstadtpunkt.de\/wp-content\/uploads\/2024\/11\/Spiel-768x506.png 768w, https:\/\/meinstadtpunkt.de\/wp-content\/uploads\/2024\/11\/Spiel-300x198.png 300w, https:\/\/meinstadtpunkt.de\/wp-content\/uploads\/2024\/11\/Spiel-1024x675.png 1024w, https:\/\/meinstadtpunkt.de\/wp-content\/uploads\/2024\/11\/Spiel.png 1280w\" sizes=\"(max-width: 768px) 100vw, 768px\" \/>\t\t\t\t\t\t\t\t\t\t\t\t\t\t\t<\/div>\n\t\t\t\t<\/div>\n\t\t\t\t<\/div>\n\t\t\t\t\t<\/div>\n\t\t\t\t<\/div>\n\t\t<div class=\"elementor-element elementor-element-b17e7a4 e-flex e-con-boxed e-con e-parent\" data-id=\"b17e7a4\" data-element_type=\"container\" data-e-type=\"container\">\n\t\t\t\t\t<div class=\"e-con-inner\">\n\t\t\t\t<div class=\"elementor-element elementor-element-93d0d8b elementor-widget elementor-widget-heading\" data-id=\"93d0d8b\" data-element_type=\"widget\" data-e-type=\"widget\" data-widget_type=\"heading.default\">\n\t\t\t\t<div class=\"elementor-widget-container\">\n\t\t\t\t\t<h2 class=\"elementor-heading-title elementor-size-default\">\u00dcber das Spiel<\/h2>\t\t\t\t<\/div>\n\t\t\t\t<\/div>\n\t\t\t\t\t<\/div>\n\t\t\t\t<\/div>\n\t\t<div class=\"elementor-element elementor-element-ba54bee e-flex e-con-boxed e-con e-parent\" data-id=\"ba54bee\" data-element_type=\"container\" data-e-type=\"container\">\n\t\t\t\t\t<div class=\"e-con-inner\">\n\t\t<div class=\"elementor-element elementor-element-bd82c4b e-con-full e-flex e-con e-child\" data-id=\"bd82c4b\" data-element_type=\"container\" data-e-type=\"container\">\n\t\t\t\t<div class=\"elementor-element elementor-element-b3d568e elementor-widget elementor-widget-image\" data-id=\"b3d568e\" data-element_type=\"widget\" data-e-type=\"widget\" data-widget_type=\"image.default\">\n\t\t\t\t<div class=\"elementor-widget-container\">\n\t\t\t\t\t\t\t\t\t\t\t\t\t\t\t<img decoding=\"async\" width=\"150\" height=\"150\" src=\"https:\/\/meinstadtpunkt.de\/wp-content\/uploads\/2024\/11\/001-maps-1-150x150.png\" class=\"attachment-thumbnail size-thumbnail wp-image-62\" alt=\"\" srcset=\"https:\/\/meinstadtpunkt.de\/wp-content\/uploads\/2024\/11\/001-maps-1-150x150.png 150w, https:\/\/meinstadtpunkt.de\/wp-content\/uploads\/2024\/11\/001-maps-1.png 256w\" sizes=\"(max-width: 150px) 100vw, 150px\" \/>\t\t\t\t\t\t\t\t\t\t\t\t\t\t\t<\/div>\n\t\t\t\t<\/div>\n\t\t\t\t<div class=\"elementor-element elementor-element-53f4a10 elementor-widget elementor-widget-text-editor\" data-id=\"53f4a10\" data-element_type=\"widget\" data-e-type=\"widget\" data-widget_type=\"text-editor.default\">\n\t\t\t\t<div class=\"elementor-widget-container\">\n\t\t\t\t\t\t\t\t\t<p class=\"p1\">Ihre Stadt ist noch nicht dabei?<br \/>Gerne passen wir das Spiel an Ihre Stadt an!<\/p>\t\t\t\t\t\t\t\t<\/div>\n\t\t\t\t<\/div>\n\t\t\t\t<\/div>\n\t\t<div class=\"elementor-element elementor-element-0b1cc21 e-con-full e-flex e-con e-child\" data-id=\"0b1cc21\" data-element_type=\"container\" data-e-type=\"container\">\n\t\t\t\t<div class=\"elementor-element elementor-element-fd3bbb4 elementor-widget elementor-widget-image\" data-id=\"fd3bbb4\" data-element_type=\"widget\" data-e-type=\"widget\" data-widget_type=\"image.default\">\n\t\t\t\t<div class=\"elementor-widget-container\">\n\t\t\t\t\t\t\t\t\t\t\t\t\t\t\t<img decoding=\"async\" width=\"150\" height=\"150\" src=\"https:\/\/meinstadtpunkt.de\/wp-content\/uploads\/2024\/11\/002-group-150x150.png\" class=\"attachment-thumbnail size-thumbnail wp-image-63\" alt=\"\" srcset=\"https:\/\/meinstadtpunkt.de\/wp-content\/uploads\/2024\/11\/002-group-150x150.png 150w, https:\/\/meinstadtpunkt.de\/wp-content\/uploads\/2024\/11\/002-group.png 256w\" sizes=\"(max-width: 150px) 100vw, 150px\" \/>\t\t\t\t\t\t\t\t\t\t\t\t\t\t\t<\/div>\n\t\t\t\t<\/div>\n\t\t\t\t<div class=\"elementor-element elementor-element-8f6cfc8 elementor-widget elementor-widget-text-editor\" data-id=\"8f6cfc8\" data-element_type=\"widget\" data-e-type=\"widget\" data-widget_type=\"text-editor.default\">\n\t\t\t\t<div class=\"elementor-widget-container\">\n\t\t\t\t\t\t\t\t\t<p class=\"p1\">2-6 Spieler<br \/>Es ist auch m\u00f6glich im Team zu spielen<\/p>\t\t\t\t\t\t\t\t<\/div>\n\t\t\t\t<\/div>\n\t\t\t\t<\/div>\n\t\t<div class=\"elementor-element elementor-element-627bf9a e-con-full e-flex e-con e-child\" data-id=\"627bf9a\" data-element_type=\"container\" data-e-type=\"container\">\n\t\t\t\t<div class=\"elementor-element elementor-element-9d7c88f elementor-widget elementor-widget-image\" data-id=\"9d7c88f\" data-element_type=\"widget\" data-e-type=\"widget\" data-widget_type=\"image.default\">\n\t\t\t\t<div class=\"elementor-widget-container\">\n\t\t\t\t\t\t\t\t\t\t\t\t\t\t\t<img loading=\"lazy\" decoding=\"async\" width=\"150\" height=\"150\" src=\"https:\/\/meinstadtpunkt.de\/wp-content\/uploads\/2024\/11\/003-150x150.png\" class=\"attachment-thumbnail size-thumbnail wp-image-64\" alt=\"\" srcset=\"https:\/\/meinstadtpunkt.de\/wp-content\/uploads\/2024\/11\/003-150x150.png 150w, https:\/\/meinstadtpunkt.de\/wp-content\/uploads\/2024\/11\/003.png 256w\" sizes=\"(max-width: 150px) 100vw, 150px\" \/>\t\t\t\t\t\t\t\t\t\t\t\t\t\t\t<\/div>\n\t\t\t\t<\/div>\n\t\t\t\t<div class=\"elementor-element elementor-element-738a8bc elementor-widget elementor-widget-text-editor\" data-id=\"738a8bc\" data-element_type=\"widget\" data-e-type=\"widget\" data-widget_type=\"text-editor.default\">\n\t\t\t\t<div class=\"elementor-widget-container\">\n\t\t\t\t\t\t\t\t\t<p class=\"p1\">Ab 9 Jahren<br \/>Die Quizkarten enthalten auch Fragen f\u00fcr Kinder<\/p>\t\t\t\t\t\t\t\t<\/div>\n\t\t\t\t<\/div>\n\t\t\t\t<\/div>\n\t\t<div class=\"elementor-element elementor-element-f5d3e93 e-con-full e-flex e-con e-child\" data-id=\"f5d3e93\" data-element_type=\"container\" data-e-type=\"container\">\n\t\t\t\t<div class=\"elementor-element elementor-element-91a815a elementor-widget elementor-widget-image\" data-id=\"91a815a\" data-element_type=\"widget\" data-e-type=\"widget\" data-widget_type=\"image.default\">\n\t\t\t\t<div class=\"elementor-widget-container\">\n\t\t\t\t\t\t\t\t\t\t\t\t\t\t\t<img loading=\"lazy\" decoding=\"async\" width=\"150\" height=\"150\" src=\"https:\/\/meinstadtpunkt.de\/wp-content\/uploads\/2024\/11\/004-150x150.png\" class=\"attachment-thumbnail size-thumbnail wp-image-65\" alt=\"\" srcset=\"https:\/\/meinstadtpunkt.de\/wp-content\/uploads\/2024\/11\/004-150x150.png 150w, https:\/\/meinstadtpunkt.de\/wp-content\/uploads\/2024\/11\/004.png 256w\" sizes=\"(max-width: 150px) 100vw, 150px\" \/>\t\t\t\t\t\t\t\t\t\t\t\t\t\t\t<\/div>\n\t\t\t\t<\/div>\n\t\t\t\t<div class=\"elementor-element elementor-element-13cedc6 elementor-widget elementor-widget-text-editor\" data-id=\"13cedc6\" data-element_type=\"widget\" data-e-type=\"widget\" data-widget_type=\"text-editor.default\">\n\t\t\t\t<div class=\"elementor-widget-container\">\n\t\t\t\t\t\t\t\t\t<p class=\"p1\">Ca. 60 Minuten Spielzeit<br \/>Mit jeder Menge Spannung, Unterhaltung und Herausforderung<\/p>\t\t\t\t\t\t\t\t<\/div>\n\t\t\t\t<\/div>\n\t\t\t\t<\/div>\n\t\t\t\t\t<\/div>\n\t\t\t\t<\/div>\n\t\t<div class=\"elementor-element elementor-element-8206e62 e-con-full e-flex e-con e-parent\" data-id=\"8206e62\" data-element_type=\"container\" data-e-type=\"container\">\n\t\t\t\t<div class=\"elementor-element elementor-element-0475251 elementor-widget-tablet__width-initial elementor-widget elementor-widget-text-editor\" data-id=\"0475251\" data-element_type=\"widget\" data-e-type=\"widget\" data-widget_type=\"text-editor.default\">\n\t\t\t\t<div class=\"elementor-widget-container\">\n\t\t\t\t\t\t\t\t\t<p class=\"p1\">Das Mein StadtPunkt-Spiel ist ein Quiz- und Wissensspiel f\u00fcr die ganze Familie, bei dem es darum geht, durch Wissen und Geschick so viele Punkte wie m\u00f6glich zu sammeln. Die Person, die am Ende die meisten Punkte gesammelt hat, gewinnt das Spiel. Das Spiel besteht aus ca. 1.000 spannenden, herausfordernden und unterhaltsamen Fragen &#8211; darunter Fragen zur Stadt oder Region, gew\u00fcrzt mit einem lustigen und herausfordernden Action-Teil auf \u00fcber 200 Karten. Jede Karte enth\u00e4lt 6 Fragen und 1 Kinderfrage \u2013 es gibt zu jeder Frage drei m\u00f6gliche Antworten, von denen eine richtig ist. Die Fragen rund um die Stadt oder Region machen das Spiel nicht nur unterhaltsam und spannend, sondern die Spieler k\u00f6nnen auch eine Menge dazulernen. Neben den Quizfragen enth\u00e4lt das Spiel viele lustige und herausfordernde Aktionen, sodass es niemals langweilig wird. Das Spiel l\u00e4sst sich als eine Mischung aus Monopoly, Ludo und Trivial Pursuit beschreiben, kombiniert mit unseren eigenen Elementen und Ideen. Das gesamte Spiel ist von hoher Qualit\u00e4t und wird in D\u00e4nemark produziert.<\/p>\t\t\t\t\t\t\t\t<\/div>\n\t\t\t\t<\/div>\n\t\t\t\t<\/div>\n\t\t<div class=\"elementor-element elementor-element-47f23da e-flex e-con-boxed e-con e-parent\" data-id=\"47f23da\" data-element_type=\"container\" data-e-type=\"container\">\n\t\t\t\t\t<div class=\"e-con-inner\">\n\t\t\t\t<div class=\"elementor-element elementor-element-d21afae elementor-widget elementor-widget-text-editor\" data-id=\"d21afae\" data-element_type=\"widget\" data-e-type=\"widget\" data-widget_type=\"text-editor.default\">\n\t\t\t\t<div class=\"elementor-widget-container\">\n\t\t\t\t\t\t\t\t\t<p class=\"p1\">Bei Markteinf\u00fchrung wird das Spiel zum Preis von 34,90\u20ac an Endverbraucher \u00fcber lokale Gesch\u00e4fte verkauft. Selbstverst\u00e4ndlich wird das Spiel in den lokalen und sozialen Medien beworben.<\/p>\t\t\t\t\t\t\t\t<\/div>\n\t\t\t\t<\/div>\n\t\t\t\t<div class=\"elementor-element elementor-element-92271db elementor-widget elementor-widget-button\" data-id=\"92271db\" data-element_type=\"widget\" data-e-type=\"widget\" data-widget_type=\"button.default\">\n\t\t\t\t<div class=\"elementor-widget-container\">\n\t\t\t\t\t\t\t\t\t<div class=\"elementor-button-wrapper\">\n\t\t\t\t\t<a class=\"elementor-button elementor-button-link elementor-size-sm\" href=\"https:\/\/meinstadtpunkt.de\/?page_id=116\u2197\" id=\"2\">\n\t\t\t\t\t\t<span class=\"elementor-button-content-wrapper\">\n\t\t\t\t\t\t\t\t\t<span class=\"elementor-button-text\">Zum Spiel<\/span>\n\t\t\t\t\t<\/span>\n\t\t\t\t\t<\/a>\n\t\t\t\t<\/div>\n\t\t\t\t\t\t\t\t<\/div>\n\t\t\t\t<\/div>\n\t\t\t\t\t<\/div>\n\t\t\t\t<\/div>\n\t\t<div class=\"elementor-element elementor-element-c6c100c e-flex e-con-boxed e-con e-parent\" data-id=\"c6c100c\" data-element_type=\"container\" data-e-type=\"container\">\n\t\t\t\t\t<div class=\"e-con-inner\">\n\t\t<div class=\"elementor-element elementor-element-3f1a28f e-con-full e-flex e-con e-child\" data-id=\"3f1a28f\" data-element_type=\"container\" data-e-type=\"container\">\n\t\t\t\t<div class=\"elementor-element elementor-element-6076232 elementor-widget__width-initial elementor-widget elementor-widget-image\" data-id=\"6076232\" data-element_type=\"widget\" data-e-type=\"widget\" data-widget_type=\"image.default\">\n\t\t\t\t<div class=\"elementor-widget-container\">\n\t\t\t\t\t\t\t\t\t\t\t\t\t\t\t<img loading=\"lazy\" decoding=\"async\" width=\"300\" height=\"194\" src=\"https:\/\/meinstadtpunkt.de\/wp-content\/uploads\/2024\/11\/spillebrikker-copy-1536x991-2-300x194.png\" class=\"attachment-medium size-medium wp-image-66\" alt=\"\" srcset=\"https:\/\/meinstadtpunkt.de\/wp-content\/uploads\/2024\/11\/spillebrikker-copy-1536x991-2-300x194.png 300w, https:\/\/meinstadtpunkt.de\/wp-content\/uploads\/2024\/11\/spillebrikker-copy-1536x991-2-1024x661.png 1024w, https:\/\/meinstadtpunkt.de\/wp-content\/uploads\/2024\/11\/spillebrikker-copy-1536x991-2-768x496.png 768w, https:\/\/meinstadtpunkt.de\/wp-content\/uploads\/2024\/11\/spillebrikker-copy-1536x991-2.png 1536w\" sizes=\"(max-width: 300px) 100vw, 300px\" \/>\t\t\t\t\t\t\t\t\t\t\t\t\t\t\t<\/div>\n\t\t\t\t<\/div>\n\t\t\t\t<div class=\"elementor-element elementor-element-0a984b2 elementor-widget elementor-widget-text-editor\" data-id=\"0a984b2\" data-element_type=\"widget\" data-e-type=\"widget\" data-widget_type=\"text-editor.default\">\n\t\t\t\t<div class=\"elementor-widget-container\">\n\t\t\t\t\t\t\t\t\t<p class=\"p1\"><b>Ein Spiel f\u00fcr die ganze Familie<\/b><br \/>Ein spannendes Spiel mit Spa\u00df und Unterhaltung f\u00fcr die ganze Familie.<br \/>Mein StadtPunkt enth\u00e4lt sowohl lokale, als auch zahlreiche allgemeine Fragen und Herausforderungen.<\/p>\t\t\t\t\t\t\t\t<\/div>\n\t\t\t\t<\/div>\n\t\t\t\t<\/div>\n\t\t<div class=\"elementor-element elementor-element-3432479 e-con-full e-flex e-con e-child\" data-id=\"3432479\" data-element_type=\"container\" data-e-type=\"container\">\n\t\t\t\t<div class=\"elementor-element elementor-element-2ef4fbb elementor-widget elementor-widget-text-editor\" data-id=\"2ef4fbb\" data-element_type=\"widget\" data-e-type=\"widget\" data-widget_type=\"text-editor.default\">\n\t\t\t\t<div class=\"elementor-widget-container\">\n\t\t\t\t\t\t\t\t\t<p class=\"p1\"><b>Wagen Sie die Herausforderung?<\/b><br \/>Neben zahlreichen Quizfragen warten auch viele kleine Herausforderungen auf Sie \u2013 wie weit werden Sie gehen, um Punkte zu sammeln?<\/p>\t\t\t\t\t\t\t\t<\/div>\n\t\t\t\t<\/div>\n\t\t\t\t<div class=\"elementor-element elementor-element-a9e417c elementor-widget elementor-widget-image\" data-id=\"a9e417c\" data-element_type=\"widget\" data-e-type=\"widget\" data-widget_type=\"image.default\">\n\t\t\t\t<div class=\"elementor-widget-container\">\n\t\t\t\t\t\t\t\t\t\t\t\t\t\t\t<img loading=\"lazy\" decoding=\"async\" width=\"738\" height=\"277\" src=\"https:\/\/meinstadtpunkt.de\/wp-content\/uploads\/2024\/11\/Karten.png\" class=\"attachment-medium_large size-medium_large wp-image-345\" alt=\"\" srcset=\"https:\/\/meinstadtpunkt.de\/wp-content\/uploads\/2024\/11\/Karten.png 738w, https:\/\/meinstadtpunkt.de\/wp-content\/uploads\/2024\/11\/Karten-300x113.png 300w\" sizes=\"(max-width: 738px) 100vw, 738px\" \/>\t\t\t\t\t\t\t\t\t\t\t\t\t\t\t<\/div>\n\t\t\t\t<\/div>\n\t\t\t\t<\/div>\n\t\t\t\t\t<\/div>\n\t\t\t\t<\/div>\n\t\t<div class=\"elementor-element elementor-element-2089205 e-flex e-con-boxed e-con e-parent\" data-id=\"2089205\" data-element_type=\"container\" data-e-type=\"container\">\n\t\t\t\t\t<div class=\"e-con-inner\">\n\t\t\t\t<div class=\"elementor-element elementor-element-18dc2d4 elementor-widget elementor-widget-heading\" data-id=\"18dc2d4\" data-element_type=\"widget\" data-e-type=\"widget\" data-widget_type=\"heading.default\">\n\t\t\t\t<div class=\"elementor-widget-container\">\n\t\t\t\t\t<h2 class=\"elementor-heading-title elementor-size-default\">\u00dcber 1.000 Quizfragen und nervenaufreibende Herausforderungen<\/h2>\t\t\t\t<\/div>\n\t\t\t\t<\/div>\n\t\t\t\t\t<\/div>\n\t\t\t\t<\/div>\n\t\t<div class=\"elementor-element elementor-element-0b3fb63 e-con-full e-flex e-con e-parent\" data-id=\"0b3fb63\" data-element_type=\"container\" data-e-type=\"container\">\n\t\t\t\t<div class=\"elementor-element elementor-element-a4d0b10 elementor-widget__width-initial elementor-widget elementor-widget-image\" data-id=\"a4d0b10\" data-element_type=\"widget\" data-e-type=\"widget\" data-widget_type=\"image.default\">\n\t\t\t\t<div class=\"elementor-widget-container\">\n\t\t\t\t\t\t\t\t\t\t\t\t\t\t\t<img loading=\"lazy\" decoding=\"async\" width=\"800\" height=\"527\" src=\"https:\/\/meinstadtpunkt.de\/wp-content\/uploads\/2024\/11\/Spiel-1024x675.png\" class=\"attachment-large size-large wp-image-346\" alt=\"\" srcset=\"https:\/\/meinstadtpunkt.de\/wp-content\/uploads\/2024\/11\/Spiel-1024x675.png 1024w, https:\/\/meinstadtpunkt.de\/wp-content\/uploads\/2024\/11\/Spiel-300x198.png 300w, https:\/\/meinstadtpunkt.de\/wp-content\/uploads\/2024\/11\/Spiel-768x506.png 768w, https:\/\/meinstadtpunkt.de\/wp-content\/uploads\/2024\/11\/Spiel.png 1280w\" sizes=\"(max-width: 800px) 100vw, 800px\" \/>\t\t\t\t\t\t\t\t\t\t\t\t\t\t\t<\/div>\n\t\t\t\t<\/div>\n\t\t\t\t<\/div>\n\t\t<div class=\"elementor-element elementor-element-2a09c80 e-con-full e-flex e-con e-parent\" data-id=\"2a09c80\" data-element_type=\"container\" data-e-type=\"container\">\n\t\t<div class=\"elementor-element elementor-element-45fb2cc e-con-full e-flex e-con e-child\" data-id=\"45fb2cc\" data-element_type=\"container\" data-e-type=\"container\">\n\t\t\t\t<div class=\"elementor-element elementor-element-5c63413 elementor-widget elementor-widget-heading\" data-id=\"5c63413\" data-element_type=\"widget\" data-e-type=\"widget\" data-widget_type=\"heading.default\">\n\t\t\t\t<div class=\"elementor-widget-container\">\n\t\t\t\t\t<h2 class=\"elementor-heading-title elementor-size-default\"><br>Pr\u00e4sentieren Sie Ihr Unternehmen\nauf eine v\u00f6llig neue Weise!<\/h2>\t\t\t\t<\/div>\n\t\t\t\t<\/div>\n\t\t\t\t<\/div>\n\t\t<div class=\"elementor-element elementor-element-870a77d e-con-full e-flex e-con e-child\" data-id=\"870a77d\" data-element_type=\"container\" data-e-type=\"container\">\n\t\t\t\t<div class=\"elementor-element elementor-element-f445c96 elementor-widget elementor-widget-image\" data-id=\"f445c96\" data-element_type=\"widget\" data-e-type=\"widget\" data-widget_type=\"image.default\">\n\t\t\t\t<div class=\"elementor-widget-container\">\n\t\t\t\t\t\t\t\t\t\t\t\t\t\t\t<img loading=\"lazy\" decoding=\"async\" width=\"150\" height=\"150\" src=\"https:\/\/meinstadtpunkt.de\/wp-content\/uploads\/2024\/11\/white-balance-1-150x150.png\" class=\"attachment-thumbnail size-thumbnail wp-image-282\" alt=\"\" srcset=\"https:\/\/meinstadtpunkt.de\/wp-content\/uploads\/2024\/11\/white-balance-1-150x150.png 150w, https:\/\/meinstadtpunkt.de\/wp-content\/uploads\/2024\/11\/white-balance-1-300x300.png 300w, https:\/\/meinstadtpunkt.de\/wp-content\/uploads\/2024\/11\/white-balance-1.png 512w\" sizes=\"(max-width: 150px) 100vw, 150px\" \/>\t\t\t\t\t\t\t\t\t\t\t\t\t\t\t<\/div>\n\t\t\t\t<\/div>\n\t\t\t\t<\/div>\n\t\t\t\t<div class=\"elementor-element elementor-element-3b37d23 elementor-widget__width-initial elementor-widget elementor-widget-text-editor\" data-id=\"3b37d23\" data-element_type=\"widget\" data-e-type=\"widget\" data-widget_type=\"text-editor.default\">\n\t\t\t\t<div class=\"elementor-widget-container\">\n\t\t\t\t\t\t\t\t\t<p>\u00a0<\/p><p class=\"p1\">\u00dcberraschen Sie Ihre Kunden mit einem einzigartigen Geschenk<br \/>Zeigen Sie, wo Ihr Unternehmen ans\u00e4ssig ist.<\/p>\t\t\t\t\t\t\t\t<\/div>\n\t\t\t\t<\/div>\n\t\t<div class=\"elementor-element elementor-element-f257426 e-con-full e-flex e-con e-child\" data-id=\"f257426\" data-element_type=\"container\" data-e-type=\"container\">\n\t\t\t\t<div class=\"elementor-element elementor-element-3c4eeca elementor-widget__width-initial elementor-widget elementor-widget-image\" data-id=\"3c4eeca\" data-element_type=\"widget\" data-e-type=\"widget\" data-widget_type=\"image.default\">\n\t\t\t\t<div class=\"elementor-widget-container\">\n\t\t\t\t\t\t\t\t\t\t\t\t\t\t\t<img loading=\"lazy\" decoding=\"async\" width=\"150\" height=\"150\" src=\"https:\/\/meinstadtpunkt.de\/wp-content\/uploads\/2024\/11\/white-balance-1-150x150.png\" class=\"attachment-thumbnail size-thumbnail wp-image-282\" alt=\"\" srcset=\"https:\/\/meinstadtpunkt.de\/wp-content\/uploads\/2024\/11\/white-balance-1-150x150.png 150w, https:\/\/meinstadtpunkt.de\/wp-content\/uploads\/2024\/11\/white-balance-1-300x300.png 300w, https:\/\/meinstadtpunkt.de\/wp-content\/uploads\/2024\/11\/white-balance-1.png 512w\" sizes=\"(max-width: 150px) 100vw, 150px\" \/>\t\t\t\t\t\t\t\t\t\t\t\t\t\t\t<\/div>\n\t\t\t\t<\/div>\n\t\t\t\t<\/div>\n\t\t\t\t<div class=\"elementor-element elementor-element-505e1ab elementor-widget__width-initial elementor-widget elementor-widget-text-editor\" data-id=\"505e1ab\" data-element_type=\"widget\" data-e-type=\"widget\" data-widget_type=\"text-editor.default\">\n\t\t\t\t<div class=\"elementor-widget-container\">\n\t\t\t\t\t\t\t\t\t<p>\u00a0<\/p><p class=\"p1\">Werden Sie Teil eines ausgew\u00e4hlten lokalen Netzwerks<\/p>\t\t\t\t\t\t\t\t<\/div>\n\t\t\t\t<\/div>\n\t\t<div class=\"elementor-element elementor-element-218f331 e-con-full e-flex e-con e-child\" data-id=\"218f331\" data-element_type=\"container\" data-e-type=\"container\">\n\t\t\t\t<div class=\"elementor-element elementor-element-75aa17b elementor-widget-mobile__width-initial elementor-widget elementor-widget-image\" data-id=\"75aa17b\" data-element_type=\"widget\" data-e-type=\"widget\" data-widget_type=\"image.default\">\n\t\t\t\t<div class=\"elementor-widget-container\">\n\t\t\t\t\t\t\t\t\t\t\t\t\t\t\t<img loading=\"lazy\" decoding=\"async\" width=\"512\" height=\"512\" src=\"https:\/\/meinstadtpunkt.de\/wp-content\/uploads\/2024\/11\/white-balance-1.png\" class=\"attachment-large size-large wp-image-282\" alt=\"\" srcset=\"https:\/\/meinstadtpunkt.de\/wp-content\/uploads\/2024\/11\/white-balance-1.png 512w, https:\/\/meinstadtpunkt.de\/wp-content\/uploads\/2024\/11\/white-balance-1-300x300.png 300w, https:\/\/meinstadtpunkt.de\/wp-content\/uploads\/2024\/11\/white-balance-1-150x150.png 150w\" sizes=\"(max-width: 512px) 100vw, 512px\" \/>\t\t\t\t\t\t\t\t\t\t\t\t\t\t\t<\/div>\n\t\t\t\t<\/div>\n\t\t\t\t<\/div>\n\t\t\t\t<div class=\"elementor-element elementor-element-0e7b357 elementor-widget__width-initial elementor-widget elementor-widget-text-editor\" data-id=\"0e7b357\" data-element_type=\"widget\" data-e-type=\"widget\" data-widget_type=\"text-editor.default\">\n\t\t\t\t<div class=\"elementor-widget-container\">\n\t\t\t\t\t\t\t\t\t<p>\u00a0<\/p><p class=\"p1\"><b>Gewinnen Sie neue Kunden durch das Spiel<\/b><br \/>Erleben Sie eine v\u00f6llig neue Art, sich \u00fcber sch\u00f6ne gemeinsame Momente zu vermarkten.<\/p>\t\t\t\t\t\t\t\t<\/div>\n\t\t\t\t<\/div>\n\t\t\t\t<\/div>\n\t\t\t\t<\/div>\n\t\t","protected":false},"excerpt":{"rendered":"<p>Werden Sie jetzt ein Teil der Erfolgsgeschichte! Zum Konzept Hohe Qualit\u00e4t und in D\u00e4nemark produziert! \u00dcber das Spiel Ihre Stadt ist noch nicht dabei?Gerne passen wir das Spiel an Ihre Stadt an! 2-6 SpielerEs ist auch m\u00f6glich im Team zu spielen Ab 9 JahrenDie Quizkarten enthalten auch Fragen f\u00fcr Kinder Ca. 60 Minuten SpielzeitMit jeder [&hellip;]<\/p>\n","protected":false},"author":1,"featured_media":0,"parent":0,"menu_order":0,"comment_status":"closed","ping_status":"closed","template":"elementor_header_footer","meta":{"footnotes":""},"class_list":["post-67","page","type-page","status-publish","hentry"],"_links":{"self":[{"href":"https:\/\/meinstadtpunkt.de\/index.php?rest_route=\/wp\/v2\/pages\/67","targetHints":{"allow":["GET"]}}],"collection":[{"href":"https:\/\/meinstadtpunkt.de\/index.php?rest_route=\/wp\/v2\/pages"}],"about":[{"href":"https:\/\/meinstadtpunkt.de\/index.php?rest_route=\/wp\/v2\/types\/page"}],"author":[{"embeddable":true,"href":"https:\/\/meinstadtpunkt.de\/index.php?rest_route=\/wp\/v2\/users\/1"}],"replies":[{"embeddable":true,"href":"https:\/\/meinstadtpunkt.de\/index.php?rest_route=%2Fwp%2Fv2%2Fcomments&post=67"}],"version-history":[{"count":40,"href":"https:\/\/meinstadtpunkt.de\/index.php?rest_route=\/wp\/v2\/pages\/67\/revisions"}],"predecessor-version":[{"id":354,"href":"https:\/\/meinstadtpunkt.de\/index.php?rest_route=\/wp\/v2\/pages\/67\/revisions\/354"}],"wp:attachment":[{"href":"https:\/\/meinstadtpunkt.de\/index.php?rest_route=%2Fwp%2Fv2%2Fmedia&parent=67"}],"curies":[{"name":"wp","href":"https:\/\/api.w.org\/{rel}","templated":true}]}}